{"id":1188,"date":"2020-11-13T07:58:02","date_gmt":"2020-11-13T07:58:02","guid":{"rendered":"http:\/\/wicomgroup.es:8008\/grupoleontienda\/?post_type=product&#038;p=1188"},"modified":"2025-10-10T17:17:22","modified_gmt":"2025-10-10T17:17:22","slug":"morcon-iberico-extra-leon-1-kg-aprox","status":"publish","type":"product","link":"https:\/\/www.jamonesleon.com\/en\/producto\/morcon-iberico-extra-leon-1-kg-aprox\/","title":{"rendered":"MORC\u00d3N IB\u00c9RICO EXTRA LE\u00d3N 1 kg. aprox."},"content":{"rendered":"<p class=\"qtranxs-available-languages-message qtranxs-available-languages-message-en\">Sorry, this entry is only available in <a href=\"https:\/\/www.jamonesleon.com\/es\/wp-json\/wp\/v2\/product\/1188\" class=\"qtranxs-available-language-link qtranxs-available-language-link-es\" title=\"ESP\">European Spanish<\/a>.<\/p>","protected":false},"excerpt":{"rendered":"<p class=\"qtranxs-available-languages-message qtranxs-available-languages-message-en\">Sorry, this entry is only available in <a href=\"https:\/\/www.jamonesleon.com\/es\/wp-json\/wp\/v2\/product\/1188\" class=\"qtranxs-available-language-link qtranxs-available-language-link-es\" title=\"ESP\">European Spanish<\/a>.<\/p>\n","protected":false},"featured_media":1305,"comment_status":"open","ping_status":"closed","template":"","meta":[],"aioseo_notices":[],"_links":{"self":[{"href":"https:\/\/www.jamonesleon.com\/en\/wp-json\/wp\/v2\/product\/1188"}],"collection":[{"href":"https:\/\/www.jamonesleon.com\/en\/wp-json\/wp\/v2\/product"}],"about":[{"href":"https:\/\/www.jamonesleon.com\/en\/wp-json\/wp\/v2\/types\/product"}],"replies":[{"embeddable":true,"href":"https:\/\/www.jamonesleon.com\/en\/wp-json\/wp\/v2\/comments?post=1188"}],"wp:featuredmedia":[{"embeddable":true,"href":"https:\/\/www.jamonesleon.com\/en\/wp-json\/wp\/v2\/media\/1305"}],"wp:attachment":[{"href":"https:\/\/www.jamonesleon.com\/en\/wp-json\/wp\/v2\/media?parent=1188"}],"curies":[{"name":"wp","href":"https:\/\/api.w.org\/{rel}","templated":true}]}}