{"id":1155,"date":"2020-11-12T13:55:54","date_gmt":"2020-11-12T13:55:54","guid":{"rendered":"http:\/\/wicomgroup.es:8008\/grupoleontienda\/?post_type=product&#038;p=1155"},"modified":"2026-03-17T17:18:16","modified_gmt":"2026-03-17T17:18:16","slug":"jamon-de-bellota-100-iberico-sanchez-romero-carvajal-de-72-a-75-kg-aprox","status":"publish","type":"product","link":"https:\/\/www.jamonesleon.com\/en\/producto\/jamon-de-bellota-100-iberico-sanchez-romero-carvajal-de-72-a-75-kg-aprox\/","title":{"rendered":"JAM\u00d3N DE BELLOTA 100% IB\u00c9RICO S\u00c1NCHEZ ROMERO CARVAJAL de 7,2 a 7,5 kg. aprox."},"content":{"rendered":"<p class=\"qtranxs-available-languages-message qtranxs-available-languages-message-en\">Sorry, this entry is only available in <a href=\"https:\/\/www.jamonesleon.com\/es\/wp-json\/wp\/v2\/product\/1155\" class=\"qtranxs-available-language-link qtranxs-available-language-link-es\" title=\"ESP\">European Spanish<\/a>.<\/p>","protected":false},"excerpt":{"rendered":"<p class=\"qtranxs-available-languages-message qtranxs-available-languages-message-en\">Sorry, this entry is only available in <a href=\"https:\/\/www.jamonesleon.com\/es\/wp-json\/wp\/v2\/product\/1155\" class=\"qtranxs-available-language-link qtranxs-available-language-link-es\" title=\"ESP\">European Spanish<\/a>.<\/p>\n","protected":false},"featured_media":1279,"comment_status":"open","ping_status":"closed","template":"","meta":[],"aioseo_notices":[],"_links":{"self":[{"href":"https:\/\/www.jamonesleon.com\/en\/wp-json\/wp\/v2\/product\/1155"}],"collection":[{"href":"https:\/\/www.jamonesleon.com\/en\/wp-json\/wp\/v2\/product"}],"about":[{"href":"https:\/\/www.jamonesleon.com\/en\/wp-json\/wp\/v2\/types\/product"}],"replies":[{"embeddable":true,"href":"https:\/\/www.jamonesleon.com\/en\/wp-json\/wp\/v2\/comments?post=1155"}],"wp:featuredmedia":[{"embeddable":true,"href":"https:\/\/www.jamonesleon.com\/en\/wp-json\/wp\/v2\/media\/1279"}],"wp:attachment":[{"href":"https:\/\/www.jamonesleon.com\/en\/wp-json\/wp\/v2\/media?parent=1155"}],"curies":[{"name":"wp","href":"https:\/\/api.w.org\/{rel}","templated":true}]}}