{"id":1127,"date":"2020-11-12T12:39:42","date_gmt":"2020-11-12T12:39:42","guid":{"rendered":"http:\/\/wicomgroup.es:8008\/grupoleontienda\/?post_type=product&#038;p=1127"},"modified":"2024-06-28T08:15:55","modified_gmt":"2024-06-28T08:15:55","slug":"salchichon-iberico-extra-650-gr-aprox","status":"publish","type":"product","link":"https:\/\/www.jamonesleon.com\/en\/producto\/salchichon-iberico-extra-650-gr-aprox\/","title":{"rendered":"SALCHICH\u00d3N IB\u00c9RICO DE CEBO LE\u00d3N 700  gr. aprox."},"content":{"rendered":"<p class=\"qtranxs-available-languages-message qtranxs-available-languages-message-en\">Sorry, this entry is only available in <a href=\"https:\/\/www.jamonesleon.com\/es\/wp-json\/wp\/v2\/product\/1127\" class=\"qtranxs-available-language-link qtranxs-available-language-link-es\" title=\"ESP\">European Spanish<\/a>.<\/p>","protected":false},"excerpt":{"rendered":"<p class=\"qtranxs-available-languages-message qtranxs-available-languages-message-en\">Sorry, this entry is only available in <a href=\"https:\/\/www.jamonesleon.com\/es\/wp-json\/wp\/v2\/product\/1127\" class=\"qtranxs-available-language-link qtranxs-available-language-link-es\" title=\"ESP\">European Spanish<\/a>.<\/p>\n","protected":false},"featured_media":1311,"comment_status":"open","ping_status":"closed","template":"","meta":[],"aioseo_notices":[],"_links":{"self":[{"href":"https:\/\/www.jamonesleon.com\/en\/wp-json\/wp\/v2\/product\/1127"}],"collection":[{"href":"https:\/\/www.jamonesleon.com\/en\/wp-json\/wp\/v2\/product"}],"about":[{"href":"https:\/\/www.jamonesleon.com\/en\/wp-json\/wp\/v2\/types\/product"}],"replies":[{"embeddable":true,"href":"https:\/\/www.jamonesleon.com\/en\/wp-json\/wp\/v2\/comments?post=1127"}],"wp:featuredmedia":[{"embeddable":true,"href":"https:\/\/www.jamonesleon.com\/en\/wp-json\/wp\/v2\/media\/1311"}],"wp:attachment":[{"href":"https:\/\/www.jamonesleon.com\/en\/wp-json\/wp\/v2\/media?parent=1127"}],"curies":[{"name":"wp","href":"https:\/\/api.w.org\/{rel}","templated":true}]}}