{"id":3,"date":"2020-09-17T09:53:19","date_gmt":"2020-09-17T09:53:19","guid":{"rendered":"http:\/\/wicomgroup.es:8008\/grupoleon\/?page_id=3"},"modified":"2020-11-13T10:43:00","modified_gmt":"2020-11-13T10:43:00","slug":"politica-privacidad","status":"publish","type":"page","link":"https:\/\/www.jamonesleon.com\/en\/politica-privacidad\/","title":{"rendered":"Pol\u00edtica de privacidad"},"content":{"rendered":"<h2>1. \u00bfQui\u00e9n es el Responsable de tratamiento de sus datos?<\/h2>\r\n<p>&nbsp;<\/p>\r\n<p>El responsable de los tratamientos de datos referentes a los distintos procesos con respecto la gesti\u00f3n de nuestros usuarios, clientes o proveedores es ARTESAN\u00cdA DEL JAM\u00d3N MIGUEL LE\u00d3N, con domicilio social en C\/ Bodega Salas, 1-3<br \/>21700 La Palma del Condado &#8211; Huelva (Espa\u00f1a) y CIF: B-21147285.<\/p>\r\n<p>A efectos de nuestra pol\u00edtica de protecci\u00f3n de datos el tel\u00e9fono de contacto es +34 959 418 008 o +34 959 418 010 y el correo electr\u00f3nico de contacto es grupoleon@grupoleon.es<\/p>\r\n<h2>\u00a0<\/h2>\r\n<h2>2. \u00bfQu\u00e9 tipo de datos tenemos sobre su persona y c\u00f3mo los hemos obtenido?<\/h2>\r\n<p>&nbsp;<\/p>\r\n<p>Las categor\u00edas de datos personales que ARTESAN\u00cdA DEL JAM\u00d3N MIGUEL LE\u00d3N, trata sobre sus clientes y proveedores son:<\/p>\r\n<ul>\r\n<li>Datos de identificaci\u00f3n<\/li>\r\n<li>Direcciones postales o electr\u00f3nicas<\/li>\r\n<li>Informaci\u00f3n comercial<\/li>\r\n<li>Datos econ\u00f3micos y de transacciones<\/li>\r\n<li>En ning\u00fan caso tratamos datos especialmente protegidos.<\/li>\r\n<\/ul>\r\n<p>Todos los datos arriba mencionados los hemos obtenido o directamente de Usted mediante el env\u00edo de un formulario de contacto o la presentaci\u00f3n de una oferta comercial, propuesta contractual, etc. o mediante su empresa al facilitarnos los datos de identificaci\u00f3n y dem\u00e1s informaci\u00f3n necesaria para llevar al cabo el objeto de la relaci\u00f3n contractual entre las partes. Ser\u00e1 una obligaci\u00f3n suya o de su empresa facilitarnos los datos actualizados en caso de modificaci\u00f3n.<\/p>\r\n<h2>\u00a0<\/h2>\r\n<h2>3. \u00bfCon qu\u00e9 finalidad tratamos sus datos?<\/h2>\r\n<p>&nbsp;<\/p>\r\n<p>ARTESAN\u00cdA DEL JAM\u00d3N MIGUEL LE\u00d3N, tratamos los datos que nos facilitan las personas interesadas con el fin de gestionar distintas actividades derivadas de procedimientos espec\u00edficos realizados en materia de ventas, Servicio post venta, gesti\u00f3n de proveedores, Calidad de servicios, etc. De esta manera, utilizaremos sus datos para llevar al cabo algunas de las siguientes acciones:<\/p>\r\n<p>a) Env\u00edo de la informaci\u00f3n que nos soliciten mediante el formulario de contacto de nuestra p\u00e1gina web o cualquier otro medio de contacto con nuestra empresa,<\/p>\r\n<p>b) Facilitar tanto a los clientes potenciales como a nuestros clientes, ofertas de productos y servicios de su inter\u00e9s,<\/p>\r\n<p>c) Llevar a cabo la gesti\u00f3n administrativa, fiscal y contable de nuestros clientes y\/o proveedores,<\/p>\r\n<p>d) Llevar a cabo encuestas de satisfacci\u00f3n, estudios de mercado,etc con el fin de poder ofrecerle las ofertas m\u00e1s adecuadas y una calidad optimizada de servicio, etc.<\/p>\r\n<p>e) Promoci\u00f3n de nuestras actividades mediante el uso de redes sociales, p\u00e1gina web, etc. En concreto, ARTESAN\u00cdA DEL JAM\u00d3N MIGUEL LE\u00d3N, puede publicar fotos\/videos que pueden incluir su imagen en los siguientes medios: en la web \u201cwww.grupoleon.es\u201d.<\/p>\r\n<p>No vamos a elaborar perfiles comerciales en base de la informaci\u00f3n facilitada y en consecuencia tampoco tomaremos decisiones automatizadas sobre Ud. en base de un perfil comercial.<\/p>\r\n<h2>\u00a0<\/h2>\r\n<h2>4. \u00bfPor cu\u00e1nto tiempo conservaremos sus datos?<\/h2>\r\n<p>&nbsp;<\/p>\r\n<p>Los datos personales relativos a personas f\u00edsicas vinculadas a clientes potenciales, clientes y proveedores que ARTESAN\u00cdA DEL JAM\u00d3N MIGUEL LE\u00d3N recopile mediante los distintos formularios de contacto y\/o recogida de informaci\u00f3n se conservar\u00e1n mientras no se solicite su supresi\u00f3n por el interesado. Los datos proporcionados por nuestros clientes y proveedores se conservar\u00e1n mientras se mantenga la relaci\u00f3n mercantil entre las partes respetando en cualquier caso los plazos m\u00ednimos legales de conservaci\u00f3n seg\u00fan la materia.<\/p>\r\n<p>En cualquier caso ARTESAN\u00cdA DEL JAM\u00d3N MIGUEL LE\u00d3N guardar\u00e1 sus datos personales durante el per\u00edodo de tiempo que sea razonablemente necesario teniendo en cuenta nuestras necesidades de dar respuesta a cuestiones que se planteen o resolver problemas, realizar mejoras, activar nuevos servicios y cumplir los requisitos que exija la legislaci\u00f3n aplicable. Esto sigCIFica que podemos conservar tus datos personales durante un per\u00edodo de tiempo razonable incluso despu\u00e9s de que hayas dejado de usar nuestros productos o de que hayas dejado de usar esta p\u00e1gina web. Despu\u00e9s de este per\u00edodo, tus datos personales ser\u00e1n eliminados de todos los sistemas de ARTESAN\u00cdA DEL JAM\u00d3N MIGUEL LE\u00d3N.<\/p>\r\n<h2>\u00a0<\/h2>\r\n<h2>5. \u00bfCu\u00e1l es la base de legitimaci\u00f3n para el tratamiento de sus datos?<\/h2>\r\n<p>&nbsp;<\/p>\r\n<p>Seg\u00fan el tipo de tratamiento de datos le resumimos en continuaci\u00f3n la base de legitimaci\u00f3n de dicho tratamiento:<\/p>\r\n<table class=\"wp-block-table\">\r\n<tbody>\r\n<tr>\r\n<td><strong>TRATAMIENTO<\/strong><\/td>\r\n<td><strong>BASE DE LEGITIMACI\u00d3N<\/strong><\/td>\r\n<\/tr>\r\n<tr>\r\n<td><strong>Gesti\u00f3n Contable: gesti\u00f3n de facturaci\u00f3n con clientes y\/o proveedores<\/strong><\/td>\r\n<td>Mantenimiento, desarrollo y control de la relaci\u00f3n contractual entre las partes<\/td>\r\n<\/tr>\r\n<tr>\r\n<td><strong>Gesti\u00f3n fiscal: aplicaci\u00f3n de retenciones, bonificaciones, etc.<\/strong><\/td>\r\n<td>Mantenimiento, desarrollo y control de la relaci\u00f3n contractual entre las partes; Cumplimiento obligaciones legales<\/td>\r\n<\/tr>\r\n<tr>\r\n<td><strong>Gesti\u00f3n administrativa: gesti\u00f3n de log\u00edstica, almac\u00e9n, entregas al cliente, recepci\u00f3n de mercanc\u00edas, etc.<\/strong><\/td>\r\n<td>Mantenimiento, desarrollo y control de la relaci\u00f3n contractual entre las partes<\/td>\r\n<\/tr>\r\n<tr>\r\n<td><strong>Control en accesos de visitas a edificios\/oficinas: Registro de personas que acceden a las instalaciones para control de acceso y seguridad.<\/strong><\/td>\r\n<td>Inter\u00e9s leg\u00edtimos del empresario<\/td>\r\n<\/tr>\r\n<tr>\r\n<td><strong>Tratamiento de derechos en materia de protecci\u00f3n de datos: Atenci\u00f3n derechos de los interesados.<\/strong><\/td>\r\n<td>Obligaciones regulatorias<\/td>\r\n<\/tr>\r\n<tr>\r\n<td><strong>Gesti\u00f3n De Operaciones Con Contactos \u2013 Usuarios Web: Gesti\u00f3n de las solicitudes de informaci\u00f3n que llegan a trav\u00e9s del formularios web o redes sociales<\/strong><\/td>\r\n<td>Consentimiento del afectado<\/td>\r\n<\/tr>\r\n<tr>\r\n<td><strong>Atenci\u00f3n Y Seguimiento Solicitudes Contacto V\u00eda Medios No Digitales: Gesti\u00f3n de las solicitudes de informaci\u00f3n que llegan a trav\u00e9s de contacto v\u00eda medios no digitales: tel\u00e9fono, correo postal, fax..<\/strong><\/td>\r\n<td>Consentimiento del afectado<\/td>\r\n<\/tr>\r\n<tr>\r\n<td><strong>Gesti\u00f3n De Relaciones De Publicidad Y Marketing Con Potenciales Clientes: operaciones en la segmentaci\u00f3n de potenciales clientes, realizaci\u00f3n de campa\u00f1as de captaci\u00f3n, exclusi\u00f3n publicitaria<\/strong><\/td>\r\n<td>Consentimiento del afectado<\/td>\r\n<\/tr>\r\n<tr>\r\n<td><strong>Tratamiento De Gesti\u00f3n De Relaciones De Publicidad Y Marketing Con Clientes: Gesti\u00f3n de operaciones de publicidad y marketing para la fidelizaci\u00f3n de clientes<\/strong><\/td>\r\n<td>Consentimiento del afectado<\/td>\r\n<\/tr>\r\n<\/tbody>\r\n<\/table>\r\n<p>En cuanto, a la base de legitimaci\u00f3n referenciada Usted se encuentra obligado a facilitar los datos personales, en el supuesto de que no facilite sus datos de car\u00e1cter personal no se podr\u00e1 ejecutar su contrato, cumplir las obligaciones legales o derivadas de los poderes p\u00fablicos.<\/p>\r\n<h2>\u00a0<\/h2>\r\n<h2>6.\u00bfA qu\u00e9 destinatarios se comunicar\u00e1n sus datos?<\/h2>\r\n<p>&nbsp;<\/p>\r\n<p>ARTESAN\u00cdA DEL JAM\u00d3N MIGUEL LE\u00d3N nunca compartir\u00e1 tus datos personales con ninguna empresa tercera que pretenda utilizarlos en sus acciones de marketing directo, excepto en el caso de que nos hayas autorizado expresamente a ello.<\/p>\r\n<p>Le informamos que podemos facilitar tus datos personales a organismos de la Administraci\u00f3n P\u00fablica y Autoridades competentes en aquellos casos que ARTESAN\u00cdA DEL JAM\u00d3N MIGUEL LE\u00d3N reciba un requerimiento legal por parte de dichas Autoridades o en los casos que actuando de buena fe, consideramos que tal acci\u00f3n es razonablemente necesaria para cumplir con un proceso judicial; para contestar cualquier reclamaci\u00f3n o demanda jur\u00eddica; o para proteger los derechos de ARTESAN\u00cdA DEL JAM\u00d3N MIGUEL LE\u00d3N o sus clientes y el p\u00fablico en general.<\/p>\r\n<p>Le informamos que sus datos no van a ser cedidos o comunicados a terceros siendo ARTESAN\u00cdA DEL JAM\u00d3N MIGUEL LE\u00d3N la \u00fanica responsable para su tratamiento y custodia.<\/p>\r\n<h2>\u00a0<\/h2>\r\n<h2>7. \u00bfCu\u00e1les son sus derechos como afectado o interesado?<\/h2>\r\n<p>&nbsp;<\/p>\r\n<p>Cualquier persona tiene derecho a obtener confirmaci\u00f3n sobre si ARTESAN\u00cdA DEL JAM\u00d3N MIGUEL LE\u00d3N est\u00e1 tratando datos personales que le conciernan, o no.<\/p>\r\n<p>En concreto, las personas interesadas pueden solicitar el derecho de acceso a sus datos personales, as\u00ed como recibirlos en un formato com\u00fan y lectura mecanizada si el tratamiento se efect\u00faa por medios electr\u00f3nicos (derecho de portabilidad).<\/p>\r\n<p>Asimismo, las personas interesadas pueden solicitar el derecho de rectificaci\u00f3n de los datos inexactos o, en su caso, solicitar su supresi\u00f3n cuando, entre otros motivos, los datos ya no sea necesarios para los fines que fueron recogidos.<\/p>\r\n<p>Complementariamente, en determinadas circunstancias, los interesados podr\u00e1n solicitar la limitaci\u00f3n del tratamiento de sus datos, o en determinadas circunstancias y por motivos relacionados con su situaci\u00f3n particular, los interesados podr\u00e1n ejercitar su derecho a oponerse al tratamiento de sus datos. ARTESAN\u00cdA DEL JAM\u00d3N MIGUEL LE\u00d3N dejar\u00e1 de tratar los datos, salvo por motivos leg\u00edtimos imperiosos, o el ejercicio o la defensa de posibles reclamaciones o en aquellas excepciones establecidas en la normativa aplicable.<\/p>\r\n<p>Asimismo, le informamos que tiene derecho a retirar sus consentimientos otorgados en cualquier momento, sin que ello afecte a la licitud del tratamiento basado en el consentimiento previo a su retirada.<\/p>\r\n<p>As\u00ed mismo se informa al Usuario que en cualquier momento puede ejercitar los mencionados derechos dirigi\u00e9ndose por escrito a nosotros utilizando los datos de contacto que aparecen en el Apartado 1, \u2018Responsable de tratamiento\u2019 de la presente pol\u00edtica de Protecci\u00f3n de Datos y Privacidad de ARTESAN\u00cdA DEL JAM\u00d3N MIGUEL LE\u00d3N, adjuntando copia de su DNI. Usted tambi\u00e9n tendr\u00e1 el derecho a presentar una reclamaci\u00f3n ante la Agencia Espa\u00f1ola de Protecci\u00f3n de datos, especialmente cuando no haya obtenido satisfacci\u00f3n en el ejercicio de sus derechos.<\/p>\r\n<p>Agencia Espa\u00f1ola de Protecci\u00f3n de Datos.<\/p>\r\n<pre>C\/ Jorge Juan, 6\r\n28001 \u2013 Madrid\r\nTelf. 901100099 \/ 912663517<\/pre>\r\n<h2>\u00a0<\/h2>\r\n<h2>8. Protecci\u00f3n de datos de los usuarios de la p\u00e1gina web.<\/h2>\r\n<p>&nbsp;<\/p>\r\n<p>De conformidad con el vigente reglamento (UE) 2016\/679, ARTESAN\u00cdA DEL JAM\u00d3N MIGUEL LE\u00d3N informa que los datos de car\u00e1cter personal de los usuarios del sitio web se tratar\u00e1n para la actividad del tratamiento indicado en cada formulario de recogida de datos de nuestra p\u00e1gina web por parte de ARTESAN\u00cdA DEL JAM\u00d3N MIGUEL LE\u00d3N . Dicho tratamiento de sus datos estar\u00e1 amparado en su propio consentimiento. Al pulsar el bot\u00f3n \u201cENVIAR\u201d, el usuario consiente al tratamiento de sus datos por parte de ARTESAN\u00cdA DEL JAM\u00d3N MIGUEL LE\u00d3N .<\/p>\r\n<p>Asimismo, le informamos que salvo obligaci\u00f3n legal o consentimiento expreso por su parte ARTESAN\u00cdA DEL JAM\u00d3N MIGUEL LE\u00d3N no va a ceder sus datos a terceras personas. (En caso de cesi\u00f3n informar que datos y a qui\u00e9n se ceder\u00e1n)<\/p>\r\n<p>Igualmente, se informa al usuario que en cualquier momento puede ejercitar los derechos de acceso, rectificaci\u00f3n o supresi\u00f3n de datos as\u00ed como disponer de otros derechos reconocidos en el presente documento y regulados en el reglamento (UE) 2016\/679 , notific\u00e1ndolo a ARTESAN\u00cdA DEL JAM\u00d3N MIGUEL LE\u00d3N, C\/ Bodega Salas, 1-3<br \/>21700 La Palma del Condado &#8211; Huelva (Espa\u00f1a), e-mail: grupoleon@grupoleon.es .<\/p>\r\n<p>Por otro lado, de acuerdo con lo dispuesto en la ley 34\/2002, de 11 de Julio, de Servicios de la Sociedad de Informaci\u00f3n y de Comercio Electr\u00f3nico, ARTESAN\u00cdA DEL JAM\u00d3N MIGUEL LE\u00d3N se compromete a no enviar publicidad a trav\u00e9s del correo electr\u00f3nico sin haber recabado antes la expresa autorizaci\u00f3n del destinatario. El usuario podr\u00e1 oponerse al env\u00edo de publicidad marcando la casilla correspondiente.<\/p>\r\n<h2>\u00a0<\/h2>\r\n<h2>9. Otra informaci\u00f3n de inter\u00e9s sobre nuestra pol\u00edtica de privacidad.<\/h2>\r\n<p>&nbsp;<\/p>\r\n<h4>9.1 Medidas de seguridad.<\/h4>\r\n<p>ARTESAN\u00cdA DEL JAM\u00d3N MIGUEL LE\u00d3N adopta los niveles de seguridad requeridos por la normativa Europea y Espa\u00f1ola vigente en protecci\u00f3n de datos teniendo en cuenta el estado de la t\u00e9cnica, los costes de aplicaci\u00f3n y la naturaleza, el alcance, el contexto y los fines del tratamiento descritos, as\u00ed como los riesgos de probabilidad y gravedad variables para sus derechos y libertades como persona.<\/p>\r\n<h4>9.2 Tratamiento de datos de menores.<\/h4>\r\n<p>Al amparo del RGPD UE 679\/2016 y del RD 1720\/2007 los menores de m\u00e1s de 14 a\u00f1os pueden dar su consentimiento a la contrataci\u00f3n de servicios de la sociedad de la informaci\u00f3n, como puede ser la inscripci\u00f3n en un foro, la cumplimentaci\u00f3n de un formulario de contacto, etc. No obstante, ser\u00e1 responsabilidad de ARTESAN\u00cdA DEL JAM\u00d3N MIGUEL LE\u00d3N comprobar la veracidad de la edad indicada por parte del menor.<\/p>\r\n<p>Para el tratamiento de datos de menores de 14 a\u00f1os dicha recogida de datos se realizar\u00e1 siempre bajo el expreso consentimiento de los padres o tutores legales.<\/p>\r\n<h4>9.3 Modificaciones de nuestra pol\u00edtica de protecci\u00f3n de datos y de privacidad.<\/h4>\r\n<p>Ocasionalmente, ARTESAN\u00cdA DEL JAM\u00d3N MIGUEL LE\u00d3N podr\u00e1 realizar modificaciones y correcciones en este apartado de pol\u00edtica de protecci\u00f3n de datos para usuarios, clientes y proveedores. Por favor, verifique este apartado regularmente para consultar los cambios que puedan haber existido y de qu\u00e9 manera le pueden afectar.<\/p>\r\n<h4>9.4 \u00bfPor qu\u00e9 es necesario aceptar est\u00e1 pol\u00edtica de protecci\u00f3n de datos y de privacidad?<\/h4>\r\n<p>Este apartado de pol\u00edtica de protecci\u00f3n de datos para usuarios, clientes y proveedores le proporciona de un modo f\u00e1cilmente accesible toda la informaci\u00f3n necesaria para que puedas conocer la tipolog\u00eda de datos que ARTESAN\u00cdA DEL JAM\u00d3N MIGUEL LE\u00d3N mantiene sobre sus clientes potenciales, clientes y\/o proveedores, las finalidades perseguidas, los derechos que la normativa de protecci\u00f3n de datos reconoce a Ud. como persona afectada y el modo de c\u00f3mo ejercer dichos derechos. Por lo tanto, con el env\u00edo deliberado de sus datos personales mediante nuestros medios de contacto y\/o con el inicio de la relaci\u00f3n mercantil con nuestra empresa consideramos que reconoce y acepta el tratamiento de tus datos personales tal y como se describe en la presente pol\u00edtica. Esta informaci\u00f3n personal solamente se usar\u00e1 para los fines para los cuales nos la has facilitado o determinadas normativas nacionales o regionales nos habilitan hacerlo.<\/p>\r\n<p>En cualquier caso, debemos advertirle que una negativa por su parte para facilitarnos determinados datos solicitados podr\u00eda obstaculizar el desarrollo de la relaci\u00f3n contractual entre las partes con posibles consecuencias serias al momento de prestar las diversas prestaciones contempladas dentro del contrato mercantil celebrado con la parte contratante.<\/p>\r\n<p>Si tienes cualquier pregunta en relaci\u00f3n con este apartado de pol\u00edtica de protecci\u00f3n de datos para los clientes potenciales, clientes y proveedores de ARTESAN\u00cdA DEL JAM\u00d3N MIGUEL LE\u00d3N, por favor, p\u00f3ngase en contacto con la empresa usando la direcci\u00f3n facilitada en la apartado primero \u2018responsable de tratamiento\u2019 y estaremos encantados de atenderte y dar respuesta a las cuestiones adicionales que nos queras plantear.<\/p>\r\n<h2>\u00a0<\/h2>\r\n<h2>10. Legislaci\u00f3n aplicable.<\/h2>\r\n<p>&nbsp;<\/p>\r\n<p>Las presentes condiciones se regir\u00e1n en todo momento por lo dispuesto en la legislaci\u00f3n espa\u00f1ola y europea en materia de protecci\u00f3n de datos de car\u00e1cter personal y de privacidad.<\/p>","protected":false},"excerpt":{"rendered":"<p>1. \u00bfQui\u00e9n es el Responsable de tratamiento de sus datos? &nbsp; El responsable de los tratamientos de datos referentes a los distintos procesos con respecto la gesti\u00f3n de nuestros usuarios, clientes o proveedores es ARTESAN\u00cdA DEL JAM\u00d3N MIGUEL LE\u00d3N, con domicilio social en C\/ Bodega Salas, 1-321700 La Palma del Condado &#8211; Huelva (Espa\u00f1a) y [&hellip;]<\/p>\n","protected":false},"author":1,"featured_media":0,"parent":0,"menu_order":0,"comment_status":"closed","ping_status":"open","template":"","meta":[],"aioseo_notices":[],"_links":{"self":[{"href":"https:\/\/www.jamonesleon.com\/en\/wp-json\/wp\/v2\/pages\/3"}],"collection":[{"href":"https:\/\/www.jamonesleon.com\/en\/wp-json\/wp\/v2\/pages"}],"about":[{"href":"https:\/\/www.jamonesleon.com\/en\/wp-json\/wp\/v2\/types\/page"}],"author":[{"embeddable":true,"href":"https:\/\/www.jamonesleon.com\/en\/wp-json\/wp\/v2\/users\/1"}],"replies":[{"embeddable":true,"href":"https:\/\/www.jamonesleon.com\/en\/wp-json\/wp\/v2\/comments?post=3"}],"version-history":[{"count":3,"href":"https:\/\/www.jamonesleon.com\/en\/wp-json\/wp\/v2\/pages\/3\/revisions"}],"predecessor-version":[{"id":1240,"href":"https:\/\/www.jamonesleon.com\/en\/wp-json\/wp\/v2\/pages\/3\/revisions\/1240"}],"wp:attachment":[{"href":"https:\/\/www.jamonesleon.com\/en\/wp-json\/wp\/v2\/media?parent=3"}],"curies":[{"name":"wp","href":"https:\/\/api.w.org\/{rel}","templated":true}]}}