{"id":1252,"date":"2020-11-16T08:03:05","date_gmt":"2020-11-16T08:03:05","guid":{"rendered":"http:\/\/wicomgroup.es:8008\/grupoleontienda\/?page_id=1252"},"modified":"2020-11-18T11:27:30","modified_gmt":"2020-11-18T11:27:30","slug":"condiciones-de-compra","status":"publish","type":"page","link":"https:\/\/www.jamonesleon.com\/en\/condiciones-de-compra\/","title":{"rendered":"Condiciones de"},"content":{"rendered":"<h2>1. Generalidades<\/h2>\r\n<p>El env\u00edo del pedido formulado por el Cliente implica su acuerdo con las presentes condiciones generales de venta. La informaci\u00f3n que figura de los precios en la p\u00e1gina web, es la real en todos los casos (salvo error tipogr\u00e1fico), no obstante ARTESAN\u00cdA DEL JAM\u00d3N MIGUEL LE\u00d3N podr\u00e1 modificarlos en cualquier momento, con el objeto de tener informado puntualmente al cliente de dichos cambios.<\/p>\r\n<p>&nbsp;<\/p>\r\n<h2>2. Pedidos<\/h2>\r\n<p>Todos los pedidos podr\u00e1n formularse mediante la p\u00e1gina web o telef\u00f3nicamente. Un pedido no es definitivo hasta que es aceptado y confirmado al cliente por ARTESAN\u00cdA DEL JAM\u00d3N MIGUEL LE\u00d3N<\/p>\r\n<p>&nbsp;<\/p>\r\n<h2>3. Precios<\/h2>\r\n<p>Los precios facturados al Cliente por los productos incluyen los impuestos vigentes.<\/p>\r\n<p>&nbsp;<\/p>\r\n<h2>4. Entrega<\/h2>\r\n<p>4<strong>.1. Con excepci\u00f3n de un posible acuerdo particular;<\/strong> los productos se servir\u00e1n en los plazos acordados a partir del d\u00eda del pago o bien desde la aceptaci\u00f3n del pedido por parte de ARTESAN\u00cdA DEL JAM\u00d3N MIGUEL LE\u00d3N en caso de pago aplazado. Los plazos de entrega se sit\u00faan entre las 24\/48 horas en d\u00edas laborables. Estos plazos son a t\u00edtulo orientativo y ARTESAN\u00cdA DEL JAM\u00d3N MIGUEL LE\u00d3N se esfuerza en respetarlos. No obstante, su demora no implicar\u00e1 la anulaci\u00f3n del pedido ni indemnizaci\u00f3n alguna.<\/p>\r\n<p><strong>4.2. La entrega se considerar\u00e1 efectuada desde que se pone el producto a disposici\u00f3n del Cliente por el transportista y el destinatario firma la recepci\u00f3n de la entrega.<\/strong> Corresponde al destinatario verificar los productos a la recepci\u00f3n de los mismos y exponer todas las salvedades y reclamaciones que puedan estar justificadas.<\/p>\r\n<p><strong>4.3. Si los productos servidos no son conformes en naturaleza o en cantidad con los especificados en el albar\u00e1n de entrega,<\/strong> el Cliente deber\u00e1 formular su reclamaci\u00f3n en los cinco (5) d\u00edas siguientes a la fecha de la entrega.<\/p>\r\n<p>&nbsp;<\/p>\r\n<h2>5. Condiciones de pago<\/h2>\r\n<p>Salvo estipulaci\u00f3n particular, los productos se pagan mediante transferencia bancaria, o con tarjeta de cr\u00e9dito.<\/p>\r\n<p>&nbsp;<\/p>\r\n<h2>CONDICIONES DE TRANSPORTE<\/h2>\r\n<p>Las tarifas de transporte se aplicar\u00e1n un coste fijo de 6 \u20ac a cualquier punto de Espa\u00f1a, por env\u00edo. A partir de 100 \u20ac de compra los portes ser\u00e1n gratis, la log\u00edstica del transporte ser\u00e1 a cargo de MRW.<\/p>\r\n<p>La p\u00e9rdida o deterioro durante el transporte por la agencia de transporte no es responsabilidad de ARTESAN\u00cdA DEL JAM\u00d3N MIGUEL LE\u00d3N, no obstante el env\u00edo llevar\u00e1 el correspondiente seguro.<\/p>\r\n<p>* El usuario que resida fuera de la Uni\u00f3n Europea se encargar\u00e1 de los impuestos, tasas y aranceles derivados de la importaci\u00f3n de los diversos art\u00edculos encargados.<\/p>\r\n<p>* La mercanc\u00eda est\u00e1 asegurada con el seguro obligatorio establecido por ley.<\/p>\r\n<p>Quedan excluidos de toda garant\u00eda los defectos y deterioros producidos por hechos externos, accidentes, principalmente golpes, altas temperaturas, por desgaste y por utilizaci\u00f3n no conforme a las instrucciones de ARTESAN\u00cdA DEL JAM\u00d3N MIGUEL LE\u00d3N .<\/p>\r\n<p>&nbsp;<\/p>\r\n<p>Toda devoluci\u00f3n de producto invocando la garant\u00eda debe ser previamente aceptada por ARTESAN\u00cdA DEL JAM\u00d3N MIGUEL LE\u00d3N. En el caso de que ARTESAN\u00cdA DEL JAM\u00d3N MIGUEL LE\u00d3N aceptara la devoluci\u00f3n de un producto, \u00e9ste deber\u00e1 ser remitido en perfecto estado, en su embalaje original y acompa\u00f1ado de su factura correspondiente, en los catorce (14) d\u00edas siguientes de la recepci\u00f3n del mismo. Cualquier defecto en la devoluci\u00f3n causar\u00e1 la no aceptaci\u00f3n de la devoluci\u00f3n y la denegaci\u00f3n del reembolso.<\/p>\r\n<p>&nbsp;<\/p>\r\n<h2>C\u00d3MO COMPRAR<\/h2>\r\n<h3>1. Inicio<\/h3>\r\n<p>En la parte derecha de la tienda existe una casilla donde puedes introducir la palabra clave para poder encontrar aquello que buscas de forma r\u00e1pida y eficaz.<\/p>\r\n<p>A trav\u00e9s del listado de productos se muestran los productos de cada familia.<\/p>\r\n<p>La gama de productos ofertada est\u00e1 dividida en categor\u00edas de productos. Gracias al sistema de navegaci\u00f3n por men\u00fas de categor\u00edas de productos puedes localizar con un solo click el producto deseado.<\/p>\r\n<h3>2. Una vez localizado el producto<\/h3>\r\n<p>Pinchando sobre el nombre del producto, podr\u00e1s acceder a una descripci\u00f3n m\u00e1s detallada junto a una foto del mismo.<\/p>\r\n<p>Si es el producto que buscabas, solo tienes que a\u00f1adirlo al cesto de la compra pulsando sobre el icono del cesto \u201ca\u00f1adir\u201d.<\/p>\r\n<h3>3. Cesto de la compra<\/h3>\r\n<p>Una vez que has llenado la cesta de la compra con todos los productos que has seleccionado o \u201ca\u00f1adido\u201d, tendr\u00e1s varias opciones:<\/p>\r\n<p>* Confirmar Compra: una vez que est\u00e9s conforme con los art\u00edculos incluidos en ella, puedes pulsar sobre el bot\u00f3n \u201cConfirmar Compra\u201d e iniciar el proceso de compra de los art\u00edculos a\u00f1adidos.<\/p>\r\n<p>* Borrar: en cualquier momento puedes vaciar los art\u00edculos que desees de la cesta de tu compra.<\/p>\r\n<p>* Modificar: para realizar cualquier cambio en las cantidades, solo debes establecer el n\u00famero de unidades deseado del producto.<\/p>\r\n<h3>4. Registro de Cliente<\/h3>\r\n<p>Si eres un cliente nuevo, puedes registrarte introduciendo una serie de datos necesarios para cursar tu pedido.<\/p>\r\n<p>Si ya eres cliente, introduce tu e-mail y password para efectuar tu compra. Esos datos se guardar\u00e1n autom\u00e1ticamente para compras posteriores, por lo que no tendr\u00e1s que cumplimentarlos de nuevo.<\/p>\r\n<h3>5. Elecci\u00f3n de la forma de Pago<\/h3>\r\n<p>Actualmente coexisten dos formas de pago para realizar las compras:<\/p>\r\n<p>S\u00f3lo tienes que introducir el n\u00famero de tarjeta, el nombre del titular y la fecha de caducidad en nuestra pasarela de pago virtual, y el c\u00f3digo cvc.<\/p>\r\n<p><strong>6. El pedido ya est\u00e1 realizado<\/strong><\/p>\r\n<p>Finalmente, una p\u00e1gina confirmar\u00e1 la tramitaci\u00f3n correcta del pedido, y mostrar\u00e1 la referencia del mismo, as\u00ed como un resumen de los productos comprados. Una vez que el proceso de compra ha terminado, recibir\u00e1 un e-mail con el pedido.<\/p>\r\n<p><strong>7. Otros<\/strong><\/p>\r\n<p>Cualquier litigio relativo a la interpretaci\u00f3n o la ejecuci\u00f3n de las condiciones generales de venta ser\u00e1 de la exclusiva competencia de los Tribunales de Logro\u00f1o.<\/p>\r\n<p>En ning\u00fan caso resultar\u00e1n afectados los derechos que como consumidor puedan corresponder legalmente a nuestros clientes.<\/p>\r\n<h2>DERECHO DE PROPIEDAD INTELECTUAL<\/h2>\r\n<p>Todos los contenidos del sitio web \u00a0www.jamonesleon.com son propiedad de ARTESAN\u00cdA DEL JAM\u00d3N MIGUEL LE\u00d3N.<\/p>\r\n<h2>CONFIDENCIALIDAD<\/h2>\r\n<p>ARTESAN\u00cdA DEL JAM\u00d3N MIGUEL LE\u00d3N se compromete al cumplimiento de su obligaci\u00f3n de secreto de los datos de car\u00e1cter personal y de su deber de guardarlos, y adoptar\u00e1 las medidas necesarias para evitar su alteraci\u00f3n, p\u00e9rdida, tratamiento no autorizado habida cuenta del estado de la tecnolog\u00eda.<\/p>","protected":false},"excerpt":{"rendered":"<p>1. Generalidades El env\u00edo del pedido formulado por el Cliente implica su acuerdo con las presentes condiciones generales de venta. La informaci\u00f3n que figura de los precios en la p\u00e1gina web, es la real en todos los casos (salvo error tipogr\u00e1fico), no obstante ARTESAN\u00cdA DEL JAM\u00d3N MIGUEL LE\u00d3N podr\u00e1 modificarlos en cualquier momento, con el [&hellip;]<\/p>\n","protected":false},"author":1,"featured_media":0,"parent":0,"menu_order":0,"comment_status":"closed","ping_status":"open","template":"","meta":[],"aioseo_notices":[],"_links":{"self":[{"href":"https:\/\/www.jamonesleon.com\/en\/wp-json\/wp\/v2\/pages\/1252"}],"collection":[{"href":"https:\/\/www.jamonesleon.com\/en\/wp-json\/wp\/v2\/pages"}],"about":[{"href":"https:\/\/www.jamonesleon.com\/en\/wp-json\/wp\/v2\/types\/page"}],"author":[{"embeddable":true,"href":"https:\/\/www.jamonesleon.com\/en\/wp-json\/wp\/v2\/users\/1"}],"replies":[{"embeddable":true,"href":"https:\/\/www.jamonesleon.com\/en\/wp-json\/wp\/v2\/comments?post=1252"}],"version-history":[{"count":12,"href":"https:\/\/www.jamonesleon.com\/en\/wp-json\/wp\/v2\/pages\/1252\/revisions"}],"predecessor-version":[{"id":1354,"href":"https:\/\/www.jamonesleon.com\/en\/wp-json\/wp\/v2\/pages\/1252\/revisions\/1354"}],"wp:attachment":[{"href":"https:\/\/www.jamonesleon.com\/en\/wp-json\/wp\/v2\/media?parent=1252"}],"curies":[{"name":"wp","href":"https:\/\/api.w.org\/{rel}","templated":true}]}}